{"id":57,"date":"2026-01-02T20:27:44","date_gmt":"2026-01-02T20:27:44","guid":{"rendered":"https:\/\/ocpackaging.pt\/?page_id=57"},"modified":"2026-01-23T17:31:26","modified_gmt":"2026-01-23T17:31:26","slug":"inicio","status":"publish","type":"page","link":"https:\/\/ocpackaging.pt\/","title":{"rendered":"Inicio"},"content":{"rendered":"\t\t<div data-elementor-type=\"wp-page\" data-elementor-id=\"57\" class=\"elementor elementor-57\" data-elementor-post-type=\"page\">\n\t\t\t\t<div class=\"elementor-element elementor-element-fafa36a e-flex e-con-boxed e-con e-parent\" data-id=\"fafa36a\" data-element_type=\"container\" data-settings=\"{&quot;background_background&quot;:&quot;classic&quot;}\">\n\t\t\t\t\t<div class=\"e-con-inner\">\n\t\t\t\t<div class=\"elementor-element elementor-element-dcfe8f5 elementor-widget elementor-widget-image\" data-id=\"dcfe8f5\" data-element_type=\"widget\" data-widget_type=\"image.default\">\n\t\t\t\t\t\t\t\t\t\t\t\t\t\t\t\t<a href=\"https:\/\/wa.me\/351918786106\">\n\t\t\t\t\t\t\t<img fetchpriority=\"high\" decoding=\"async\" width=\"2560\" height=\"868\" src=\"https:\/\/ocpackaging.pt\/wp-content\/uploads\/2026\/01\/SOLICITE-PROPOSTA-EXCLUSIVA-4-scaled.png\" class=\"attachment-full size-full wp-image-72\" alt=\"\" srcset=\"https:\/\/ocpackaging.pt\/wp-content\/uploads\/2026\/01\/SOLICITE-PROPOSTA-EXCLUSIVA-4-scaled.png 2560w, https:\/\/ocpackaging.pt\/wp-content\/uploads\/2026\/01\/SOLICITE-PROPOSTA-EXCLUSIVA-4-300x102.png 300w, https:\/\/ocpackaging.pt\/wp-content\/uploads\/2026\/01\/SOLICITE-PROPOSTA-EXCLUSIVA-4-1024x347.png 1024w, https:\/\/ocpackaging.pt\/wp-content\/uploads\/2026\/01\/SOLICITE-PROPOSTA-EXCLUSIVA-4-768x260.png 768w, https:\/\/ocpackaging.pt\/wp-content\/uploads\/2026\/01\/SOLICITE-PROPOSTA-EXCLUSIVA-4-1536x521.png 1536w, https:\/\/ocpackaging.pt\/wp-content\/uploads\/2026\/01\/SOLICITE-PROPOSTA-EXCLUSIVA-4-2048x694.png 2048w\" sizes=\"(max-width: 2560px) 100vw, 2560px\" \/>\t\t\t\t\t\t\t\t<\/a>\n\t\t\t\t\t\t\t\t\t\t\t\t\t\t\t<\/div>\n\t\t\t\t\t<\/div>\n\t\t\t\t<\/div>\n\t\t<div class=\"elementor-element elementor-element-6ed2e9b e-flex e-con-boxed e-con e-parent\" data-id=\"6ed2e9b\" data-element_type=\"container\" data-settings=\"{&quot;background_background&quot;:&quot;classic&quot;}\">\n\t\t\t\t\t<div class=\"e-con-inner\">\n\t\t<div class=\"elementor-element elementor-element-f6f485a e-con-full e-flex e-con e-child\" data-id=\"f6f485a\" data-element_type=\"container\">\n\t\t\t\t<div class=\"elementor-element elementor-element-7488af2 elementor-widget elementor-widget-image\" data-id=\"7488af2\" data-element_type=\"widget\" data-widget_type=\"image.default\">\n\t\t\t\t\t\t\t\t\t\t\t\t\t\t\t\t<a href=\"https:\/\/ocpackaging.pt\/index.php\/produtos\/\">\n\t\t\t\t\t\t\t<img decoding=\"async\" width=\"800\" height=\"800\" src=\"https:\/\/ocpackaging.pt\/wp-content\/uploads\/2026\/01\/22-1024x1024.png\" class=\"attachment-large size-large wp-image-62\" alt=\"\" srcset=\"https:\/\/ocpackaging.pt\/wp-content\/uploads\/2026\/01\/22-1024x1024.png 1024w, https:\/\/ocpackaging.pt\/wp-content\/uploads\/2026\/01\/22-300x300.png 300w, https:\/\/ocpackaging.pt\/wp-content\/uploads\/2026\/01\/22-150x150.png 150w, https:\/\/ocpackaging.pt\/wp-content\/uploads\/2026\/01\/22-768x768.png 768w, https:\/\/ocpackaging.pt\/wp-content\/uploads\/2026\/01\/22.png 1366w\" sizes=\"(max-width: 800px) 100vw, 800px\" \/>\t\t\t\t\t\t\t\t<\/a>\n\t\t\t\t\t\t\t\t\t\t\t\t\t\t\t<\/div>\n\t\t\t\t<\/div>\n\t\t<div class=\"elementor-element elementor-element-7f1f3bc e-con-full e-flex e-con e-child\" data-id=\"7f1f3bc\" data-element_type=\"container\">\n\t\t\t\t<div class=\"elementor-element elementor-element-cc965b3 elementor-widget elementor-widget-image\" data-id=\"cc965b3\" data-element_type=\"widget\" data-widget_type=\"image.default\">\n\t\t\t\t\t\t\t\t\t\t\t\t\t\t\t\t<a href=\"https:\/\/ocpackaging.pt\/index.php\/calcados\/\">\n\t\t\t\t\t\t\t<img decoding=\"async\" width=\"800\" height=\"800\" src=\"https:\/\/ocpackaging.pt\/wp-content\/uploads\/2026\/01\/32-1024x1024.png\" class=\"attachment-large size-large wp-image-63\" alt=\"\" srcset=\"https:\/\/ocpackaging.pt\/wp-content\/uploads\/2026\/01\/32-1024x1024.png 1024w, https:\/\/ocpackaging.pt\/wp-content\/uploads\/2026\/01\/32-300x300.png 300w, https:\/\/ocpackaging.pt\/wp-content\/uploads\/2026\/01\/32-150x150.png 150w, https:\/\/ocpackaging.pt\/wp-content\/uploads\/2026\/01\/32-768x768.png 768w, https:\/\/ocpackaging.pt\/wp-content\/uploads\/2026\/01\/32.png 1366w\" sizes=\"(max-width: 800px) 100vw, 800px\" \/>\t\t\t\t\t\t\t\t<\/a>\n\t\t\t\t\t\t\t\t\t\t\t\t\t\t\t<\/div>\n\t\t\t\t<\/div>\n\t\t<div class=\"elementor-element elementor-element-c25fa09 e-con-full e-flex e-con e-child\" data-id=\"c25fa09\" data-element_type=\"container\">\n\t\t\t\t<div class=\"elementor-element elementor-element-ed5032e elementor-widget elementor-widget-image\" data-id=\"ed5032e\" data-element_type=\"widget\" data-widget_type=\"image.default\">\n\t\t\t\t\t\t\t\t\t\t\t\t\t\t\t\t<a href=\"https:\/\/ocpackaging.pt\/index.php\/ecommerce\/\">\n\t\t\t\t\t\t\t<img loading=\"lazy\" decoding=\"async\" width=\"800\" height=\"800\" src=\"https:\/\/ocpackaging.pt\/wp-content\/uploads\/2026\/01\/11-1024x1024.png\" class=\"attachment-large size-large wp-image-61\" alt=\"\" srcset=\"https:\/\/ocpackaging.pt\/wp-content\/uploads\/2026\/01\/11-1024x1024.png 1024w, https:\/\/ocpackaging.pt\/wp-content\/uploads\/2026\/01\/11-300x300.png 300w, https:\/\/ocpackaging.pt\/wp-content\/uploads\/2026\/01\/11-150x150.png 150w, https:\/\/ocpackaging.pt\/wp-content\/uploads\/2026\/01\/11-768x768.png 768w, https:\/\/ocpackaging.pt\/wp-content\/uploads\/2026\/01\/11.png 1366w\" sizes=\"(max-width: 800px) 100vw, 800px\" \/>\t\t\t\t\t\t\t\t<\/a>\n\t\t\t\t\t\t\t\t\t\t\t\t\t\t\t<\/div>\n\t\t\t\t<\/div>\n\t\t<div class=\"elementor-element elementor-element-9e61c24 e-con-full e-flex e-con e-child\" data-id=\"9e61c24\" data-element_type=\"container\">\n\t\t\t\t<div class=\"elementor-element elementor-element-213e534 elementor-widget elementor-widget-image\" data-id=\"213e534\" data-element_type=\"widget\" data-widget_type=\"image.default\">\n\t\t\t\t\t\t\t\t\t\t\t\t\t\t\t\t<a href=\"https:\/\/ocpackaging.pt\/index.php\/texteis\/\">\n\t\t\t\t\t\t\t<img loading=\"lazy\" decoding=\"async\" width=\"800\" height=\"800\" src=\"https:\/\/ocpackaging.pt\/wp-content\/uploads\/2026\/01\/Texto-do-seu-paragrafo-25-1024x1024.png\" class=\"attachment-large size-large wp-image-271\" alt=\"\" srcset=\"https:\/\/ocpackaging.pt\/wp-content\/uploads\/2026\/01\/Texto-do-seu-paragrafo-25-1024x1024.png 1024w, https:\/\/ocpackaging.pt\/wp-content\/uploads\/2026\/01\/Texto-do-seu-paragrafo-25-300x300.png 300w, https:\/\/ocpackaging.pt\/wp-content\/uploads\/2026\/01\/Texto-do-seu-paragrafo-25-150x150.png 150w, https:\/\/ocpackaging.pt\/wp-content\/uploads\/2026\/01\/Texto-do-seu-paragrafo-25-768x768.png 768w, https:\/\/ocpackaging.pt\/wp-content\/uploads\/2026\/01\/Texto-do-seu-paragrafo-25.png 1366w\" sizes=\"(max-width: 800px) 100vw, 800px\" \/>\t\t\t\t\t\t\t\t<\/a>\n\t\t\t\t\t\t\t\t\t\t\t\t\t\t\t<\/div>\n\t\t\t\t<\/div>\n\t\t\t\t\t<\/div>\n\t\t\t\t<\/div>\n\t\t<div class=\"elementor-element elementor-element-0327e28 e-flex e-con-boxed e-con e-parent\" data-id=\"0327e28\" data-element_type=\"container\" data-settings=\"{&quot;background_background&quot;:&quot;classic&quot;}\">\n\t\t\t\t\t<div class=\"e-con-inner\">\n\t\t\t\t<div class=\"elementor-element elementor-element-59b6940 elementor-widget elementor-widget-spacer\" data-id=\"59b6940\" data-element_type=\"widget\" data-widget_type=\"spacer.default\">\n\t\t\t\t\t\t\t<div class=\"elementor-spacer\">\n\t\t\t<div class=\"elementor-spacer-inner\"><\/div>\n\t\t<\/div>\n\t\t\t\t\t\t<\/div>\n\t\t\t\t<div class=\"elementor-element elementor-element-792395d elementor-widget elementor-widget-heading\" data-id=\"792395d\" data-element_type=\"widget\" data-widget_type=\"heading.default\">\n\t\t\t\t\t<h2 class=\"elementor-heading-title elementor-size-default\">SAIBA MAIS SOBRE N\u00d3S<\/h2>\t\t\t\t<\/div>\n\t\t\t\t<div class=\"elementor-element elementor-element-3c31d28 elementor-widget elementor-widget-video\" data-id=\"3c31d28\" data-element_type=\"widget\" data-settings=\"{&quot;youtube_url&quot;:&quot;https:\\\/\\\/www.youtube.com\\\/watch?v=OLksKYTAnOg&quot;,&quot;video_type&quot;:&quot;youtube&quot;,&quot;controls&quot;:&quot;yes&quot;}\" data-widget_type=\"video.default\">\n\t\t\t\t\t\t\t<div class=\"elementor-wrapper elementor-open-inline\">\n\t\t\t<div class=\"elementor-video\"><\/div>\t\t<\/div>\n\t\t\t\t\t\t<\/div>\n\t\t\t\t<div class=\"elementor-element elementor-element-30c4f0b elementor-widget elementor-widget-spacer\" data-id=\"30c4f0b\" data-element_type=\"widget\" data-widget_type=\"spacer.default\">\n\t\t\t\t\t\t\t<div class=\"elementor-spacer\">\n\t\t\t<div class=\"elementor-spacer-inner\"><\/div>\n\t\t<\/div>\n\t\t\t\t\t\t<\/div>\n\t\t\t\t\t<\/div>\n\t\t\t\t<\/div>\n\t\t<div class=\"elementor-element elementor-element-c23b5c1 e-flex e-con-boxed e-con e-parent\" data-id=\"c23b5c1\" data-element_type=\"container\" data-settings=\"{&quot;background_background&quot;:&quot;classic&quot;}\">\n\t\t\t\t\t<div class=\"e-con-inner\">\n\t\t<div class=\"elementor-element elementor-element-66f262f e-con-full e-flex e-con e-child\" data-id=\"66f262f\" data-element_type=\"container\">\n\t\t\t\t<div class=\"elementor-element elementor-element-9a8cb2c e-transform elementor-widget elementor-widget-heading\" data-id=\"9a8cb2c\" data-element_type=\"widget\" data-settings=\"{&quot;_transform_translateX_effect&quot;:{&quot;unit&quot;:&quot;px&quot;,&quot;size&quot;:0,&quot;sizes&quot;:[]},&quot;_transform_translateY_effect&quot;:{&quot;unit&quot;:&quot;px&quot;,&quot;size&quot;:0,&quot;sizes&quot;:[]},&quot;_transform_translateX_effect_tablet&quot;:{&quot;unit&quot;:&quot;px&quot;,&quot;size&quot;:&quot;&quot;,&quot;sizes&quot;:[]},&quot;_transform_translateX_effect_mobile&quot;:{&quot;unit&quot;:&quot;px&quot;,&quot;size&quot;:&quot;&quot;,&quot;sizes&quot;:[]},&quot;_transform_translateY_effect_tablet&quot;:{&quot;unit&quot;:&quot;px&quot;,&quot;size&quot;:&quot;&quot;,&quot;sizes&quot;:[]},&quot;_transform_translateY_effect_mobile&quot;:{&quot;unit&quot;:&quot;px&quot;,&quot;size&quot;:&quot;&quot;,&quot;sizes&quot;:[]}}\" data-widget_type=\"heading.default\">\n\t\t\t\t\t<h2 class=\"elementor-heading-title elementor-size-default\">O NOSSO TRABALHO<br><span style=\"font-size: 16px;font-weight: 400\">A embalagem fortalece a imagem da marca, em todos os setores de atividade.<\/span><\/h2>\t\t\t\t<\/div>\n\t\t\t\t<div class=\"elementor-element elementor-element-cc1268d elementor-widget elementor-widget-progress\" data-id=\"cc1268d\" data-element_type=\"widget\" data-widget_type=\"progress.default\">\n\t\t\t\t\t\n\t\t<div class=\"elementor-progress-wrapper\" role=\"progressbar\" aria-valuemin=\"0\" aria-valuemax=\"100\" aria-valuenow=\"80\" aria-valuetext=\"80% (Alimenta\u00e7\u00e3o)\">\n\t\t\t<div class=\"elementor-progress-bar\" data-max=\"80\">\n\t\t\t\t<span class=\"elementor-progress-text\">Alimenta\u00e7\u00e3o<\/span>\n\t\t\t\t\t\t\t\t\t<span class=\"elementor-progress-percentage\">80%<\/span>\n\t\t\t\t\t\t\t<\/div>\n\t\t<\/div>\n\t\t\t\t\t\t<\/div>\n\t\t\t\t<div class=\"elementor-element elementor-element-1faf5cc elementor-widget elementor-widget-progress\" data-id=\"1faf5cc\" data-element_type=\"widget\" data-widget_type=\"progress.default\">\n\t\t\t\t\t\n\t\t<div class=\"elementor-progress-wrapper\" role=\"progressbar\" aria-valuemin=\"0\" aria-valuemax=\"100\" aria-valuenow=\"95\" aria-valuetext=\"95% (Cal\u00e7ado)\">\n\t\t\t<div class=\"elementor-progress-bar\" data-max=\"95\">\n\t\t\t\t<span class=\"elementor-progress-text\">Cal\u00e7ado<\/span>\n\t\t\t\t\t\t\t\t\t<span class=\"elementor-progress-percentage\">95%<\/span>\n\t\t\t\t\t\t\t<\/div>\n\t\t<\/div>\n\t\t\t\t\t\t<\/div>\n\t\t\t\t<div class=\"elementor-element elementor-element-e6f11bc elementor-widget elementor-widget-progress\" data-id=\"e6f11bc\" data-element_type=\"widget\" data-widget_type=\"progress.default\">\n\t\t\t\t\t\n\t\t<div class=\"elementor-progress-wrapper\" role=\"progressbar\" aria-valuemin=\"0\" aria-valuemax=\"100\" aria-valuenow=\"90\" aria-valuetext=\"90% (E- Commerce )\">\n\t\t\t<div class=\"elementor-progress-bar\" data-max=\"90\">\n\t\t\t\t<span class=\"elementor-progress-text\">E- Commerce <\/span>\n\t\t\t\t\t\t\t\t\t<span class=\"elementor-progress-percentage\">90%<\/span>\n\t\t\t\t\t\t\t<\/div>\n\t\t<\/div>\n\t\t\t\t\t\t<\/div>\n\t\t\t\t<div class=\"elementor-element elementor-element-1465e90 elementor-widget elementor-widget-progress\" data-id=\"1465e90\" data-element_type=\"widget\" data-widget_type=\"progress.default\">\n\t\t\t\t\t\n\t\t<div class=\"elementor-progress-wrapper\" role=\"progressbar\" aria-valuemin=\"0\" aria-valuemax=\"100\" aria-valuenow=\"87\" aria-valuetext=\"87% (Textil)\">\n\t\t\t<div class=\"elementor-progress-bar\" data-max=\"87\">\n\t\t\t\t<span class=\"elementor-progress-text\">Textil<\/span>\n\t\t\t\t\t\t\t\t\t<span class=\"elementor-progress-percentage\">87%<\/span>\n\t\t\t\t\t\t\t<\/div>\n\t\t<\/div>\n\t\t\t\t\t\t<\/div>\n\t\t\t\t<\/div>\n\t\t<div class=\"elementor-element elementor-element-5d9a6df e-con-full e-flex e-con e-child\" data-id=\"5d9a6df\" data-element_type=\"container\">\n\t\t\t\t<div class=\"elementor-element elementor-element-7b52a12 elementor-widget elementor-widget-image\" data-id=\"7b52a12\" data-element_type=\"widget\" data-widget_type=\"image.default\">\n\t\t\t\t\t\t\t\t\t\t\t\t\t\t\t<img loading=\"lazy\" decoding=\"async\" width=\"700\" height=\"511\" src=\"https:\/\/ocpackaging.pt\/wp-content\/uploads\/2026\/01\/bgOC1.fw_.png\" class=\"attachment-large size-large wp-image-65\" alt=\"\" srcset=\"https:\/\/ocpackaging.pt\/wp-content\/uploads\/2026\/01\/bgOC1.fw_.png 700w, https:\/\/ocpackaging.pt\/wp-content\/uploads\/2026\/01\/bgOC1.fw_-300x219.png 300w\" sizes=\"(max-width: 700px) 100vw, 700px\" \/>\t\t\t\t\t\t\t\t\t\t\t\t\t\t\t<\/div>\n\t\t\t\t<\/div>\n\t\t\t\t\t<\/div>\n\t\t\t\t<\/div>\n\t\t<div class=\"elementor-element elementor-element-b5c578e e-flex e-con-boxed e-con e-parent\" data-id=\"b5c578e\" data-element_type=\"container\">\n\t\t\t\t\t<div class=\"e-con-inner\">\n\t\t\t\t<div class=\"elementor-element elementor-element-6b5108d elementor-widget elementor-widget-heading\" data-id=\"6b5108d\" data-element_type=\"widget\" data-widget_type=\"heading.default\">\n\t\t\t\t\t<h2 class=\"elementor-heading-title elementor-size-default\">Fale Conosco<\/h2>\t\t\t\t<\/div>\n\t\t\t\t<div class=\"elementor-element elementor-element-e5c1959 elementor-button-align-stretch elementor-widget elementor-widget-form\" data-id=\"e5c1959\" data-element_type=\"widget\" data-settings=\"{&quot;step_next_label&quot;:&quot;Next&quot;,&quot;step_previous_label&quot;:&quot;Anterior&quot;,&quot;button_width&quot;:&quot;100&quot;,&quot;step_type&quot;:&quot;number_text&quot;,&quot;step_icon_shape&quot;:&quot;circle&quot;}\" data-widget_type=\"form.default\">\n\t\t\t\t\t\t\t<form class=\"elementor-form\" method=\"post\" name=\"New Form\" aria-label=\"New Form\">\n\t\t\t<input type=\"hidden\" name=\"post_id\" value=\"57\"\/>\n\t\t\t<input type=\"hidden\" name=\"form_id\" value=\"e5c1959\"\/>\n\t\t\t<input type=\"hidden\" name=\"referer_title\" value=\"\" \/>\n\n\t\t\t\t\t\t\t<input type=\"hidden\" name=\"queried_id\" value=\"57\"\/>\n\t\t\t\n\t\t\t<div class=\"elementor-form-fields-wrapper elementor-labels-above\">\n\t\t\t\t\t\t\t\t<div class=\"elementor-field-type-text elementor-field-group elementor-column elementor-field-group-name elementor-col-100\">\n\t\t\t\t\t\t\t\t\t\t\t\t<label for=\"form-field-name\" class=\"elementor-field-label\">\n\t\t\t\t\t\t\t\tNome\t\t\t\t\t\t\t<\/label>\n\t\t\t\t\t\t\t\t\t\t\t\t\t\t<input size=\"1\" type=\"text\" name=\"form_fields[name]\" id=\"form-field-name\" class=\"elementor-field elementor-size-sm  elementor-field-textual\" placeholder=\"Nome\">\n\t\t\t\t\t\t\t\t\t\t\t<\/div>\n\t\t\t\t\t\t\t\t<div class=\"elementor-field-type-email elementor-field-group elementor-column elementor-field-group-email elementor-col-100 elementor-field-required\">\n\t\t\t\t\t\t\t\t\t\t\t\t<label for=\"form-field-email\" class=\"elementor-field-label\">\n\t\t\t\t\t\t\t\tEmail\t\t\t\t\t\t\t<\/label>\n\t\t\t\t\t\t\t\t\t\t\t\t\t\t<input size=\"1\" type=\"email\" name=\"form_fields[email]\" id=\"form-field-email\" class=\"elementor-field elementor-size-sm  elementor-field-textual\" placeholder=\"Email\" required=\"required\">\n\t\t\t\t\t\t\t\t\t\t\t<\/div>\n\t\t\t\t\t\t\t\t<div class=\"elementor-field-type-textarea elementor-field-group elementor-column elementor-field-group-message elementor-col-100\">\n\t\t\t\t\t\t\t\t\t\t\t\t<label for=\"form-field-message\" class=\"elementor-field-label\">\n\t\t\t\t\t\t\t\tMessage\t\t\t\t\t\t\t<\/label>\n\t\t\t\t\t\t<textarea class=\"elementor-field-textual elementor-field  elementor-size-sm\" name=\"form_fields[message]\" id=\"form-field-message\" rows=\"4\" placeholder=\"Message\"><\/textarea>\t\t\t\t<\/div>\n\t\t\t\t\t\t\t\t<div class=\"elementor-field-group elementor-column elementor-field-type-submit elementor-col-100 e-form__buttons\">\n\t\t\t\t\t<button class=\"elementor-button elementor-size-sm\" type=\"submit\">\n\t\t\t\t\t\t<span class=\"elementor-button-content-wrapper\">\n\t\t\t\t\t\t\t\t\t\t\t\t\t\t\t\t\t\t\t\t\t\t<span class=\"elementor-button-text\">Send<\/span>\n\t\t\t\t\t\t\t\t\t\t\t\t\t<\/span>\n\t\t\t\t\t<\/button>\n\t\t\t\t<\/div>\n\t\t\t<\/div>\n\t\t<\/form>\n\t\t\t\t\t\t<\/div>\n\t\t\t\t\t<\/div>\n\t\t\t\t<\/div>\n\t\t\t\t<\/div>\n\t\t","protected":false},"excerpt":{"rendered":"<p>SAIBA MAIS SOBRE N\u00d3S https:\/\/www.youtube.com\/watch?v=OLksKYTAnOg O NOSSO TRABALHOA embalagem fortalece a imagem da marca, em todos os setores de atividade. Alimenta\u00e7\u00e3o 80% Cal\u00e7ado 95% E- Commerce 90% Textil 87% Fale Conosco<\/p>\n","protected":false},"author":1,"featured_media":0,"parent":0,"menu_order":0,"comment_status":"closed","ping_status":"closed","template":"","meta":{"footnotes":""},"class_list":["post-57","page","type-page","status-publish","hentry"],"_links":{"self":[{"href":"https:\/\/ocpackaging.pt\/index.php\/wp-json\/wp\/v2\/pages\/57","targetHints":{"allow":["GET"]}}],"collection":[{"href":"https:\/\/ocpackaging.pt\/index.php\/wp-json\/wp\/v2\/pages"}],"about":[{"href":"https:\/\/ocpackaging.pt\/index.php\/wp-json\/wp\/v2\/types\/page"}],"author":[{"embeddable":true,"href":"https:\/\/ocpackaging.pt\/index.php\/wp-json\/wp\/v2\/users\/1"}],"replies":[{"embeddable":true,"href":"https:\/\/ocpackaging.pt\/index.php\/wp-json\/wp\/v2\/comments?post=57"}],"version-history":[{"count":27,"href":"https:\/\/ocpackaging.pt\/index.php\/wp-json\/wp\/v2\/pages\/57\/revisions"}],"predecessor-version":[{"id":303,"href":"https:\/\/ocpackaging.pt\/index.php\/wp-json\/wp\/v2\/pages\/57\/revisions\/303"}],"wp:attachment":[{"href":"https:\/\/ocpackaging.pt\/index.php\/wp-json\/wp\/v2\/media?parent=57"}],"curies":[{"name":"wp","href":"https:\/\/api.w.org\/{rel}","templated":true}]}}