{"id":223,"date":"2026-01-13T00:20:01","date_gmt":"2026-01-13T00:20:01","guid":{"rendered":"https:\/\/ocpackaging.pt\/?page_id=223"},"modified":"2026-01-22T15:55:10","modified_gmt":"2026-01-22T15:55:10","slug":"texteis","status":"publish","type":"page","link":"https:\/\/ocpackaging.pt\/index.php\/texteis\/","title":{"rendered":"Texteis"},"content":{"rendered":"\t\t<div data-elementor-type=\"wp-page\" data-elementor-id=\"223\" class=\"elementor elementor-223\" data-elementor-post-type=\"page\">\n\t\t\t\t<div class=\"elementor-element elementor-element-d363852 e-flex e-con-boxed e-con e-parent\" data-id=\"d363852\" data-element_type=\"container\">\n\t\t\t\t\t<div class=\"e-con-inner\">\n\t\t\t\t<div class=\"elementor-element elementor-element-629e12e elementor-widget elementor-widget-image\" data-id=\"629e12e\" data-element_type=\"widget\" data-widget_type=\"image.default\">\n\t\t\t\t\t\t\t\t\t\t\t\t\t\t\t<img fetchpriority=\"high\" decoding=\"async\" width=\"2560\" height=\"365\" src=\"https:\/\/ocpackaging.pt\/wp-content\/uploads\/2026\/01\/3-scaled.png\" class=\"attachment-full size-full wp-image-180\" alt=\"\" srcset=\"https:\/\/ocpackaging.pt\/wp-content\/uploads\/2026\/01\/3-scaled.png 2560w, https:\/\/ocpackaging.pt\/wp-content\/uploads\/2026\/01\/3-300x43.png 300w, https:\/\/ocpackaging.pt\/wp-content\/uploads\/2026\/01\/3-1024x146.png 1024w, https:\/\/ocpackaging.pt\/wp-content\/uploads\/2026\/01\/3-768x110.png 768w, https:\/\/ocpackaging.pt\/wp-content\/uploads\/2026\/01\/3-1536x219.png 1536w, https:\/\/ocpackaging.pt\/wp-content\/uploads\/2026\/01\/3-2048x292.png 2048w\" sizes=\"(max-width: 2560px) 100vw, 2560px\" \/>\t\t\t\t\t\t\t\t\t\t\t\t\t\t\t<\/div>\n\t\t\t\t\t<\/div>\n\t\t\t\t<\/div>\n\t\t<div class=\"elementor-element elementor-element-495a45d e-flex e-con-boxed e-con e-parent\" data-id=\"495a45d\" data-element_type=\"container\">\n\t\t\t\t\t<div class=\"e-con-inner\">\n\t\t\t\t<div class=\"elementor-element elementor-element-a45864d elementor-widget elementor-widget-gallery\" data-id=\"a45864d\" data-element_type=\"widget\" data-settings=\"{&quot;lazyload&quot;:&quot;yes&quot;,&quot;gallery_layout&quot;:&quot;grid&quot;,&quot;columns&quot;:4,&quot;columns_tablet&quot;:2,&quot;columns_mobile&quot;:1,&quot;gap&quot;:{&quot;unit&quot;:&quot;px&quot;,&quot;size&quot;:10,&quot;sizes&quot;:[]},&quot;gap_tablet&quot;:{&quot;unit&quot;:&quot;px&quot;,&quot;size&quot;:10,&quot;sizes&quot;:[]},&quot;gap_mobile&quot;:{&quot;unit&quot;:&quot;px&quot;,&quot;size&quot;:10,&quot;sizes&quot;:[]},&quot;link_to&quot;:&quot;file&quot;,&quot;aspect_ratio&quot;:&quot;3:2&quot;,&quot;overlay_background&quot;:&quot;yes&quot;,&quot;content_hover_animation&quot;:&quot;fade-in&quot;}\" data-widget_type=\"gallery.default\">\n\t\t\t\t\t\t\t<div class=\"elementor-gallery__container\">\n\t\t\t\t\t\t\t<a class=\"e-gallery-item elementor-gallery-item elementor-animated-content\" href=\"https:\/\/ocpackaging.pt\/wp-content\/uploads\/2026\/01\/Gemini_Generated_Image_nrynyvnrynyvnryn-e1768747921772.png\" data-elementor-open-lightbox=\"yes\" data-elementor-lightbox-slideshow=\"a45864d\" data-elementor-lightbox-title=\"Gemini_Generated_Image_nrynyvnrynyvnryn\" data-e-action-hash=\"#elementor-action%3Aaction%3Dlightbox%26settings%3DeyJpZCI6MjQ0LCJ1cmwiOiJodHRwczpcL1wvb2NwYWNrYWdpbmcucHRcL3dwLWNvbnRlbnRcL3VwbG9hZHNcLzIwMjZcLzAxXC9HZW1pbmlfR2VuZXJhdGVkX0ltYWdlX25yeW55dm5yeW55dm5yeW4tZTE3Njg3NDc5MjE3NzIucG5nIiwic2xpZGVzaG93IjoiYTQ1ODY0ZCJ9\">\n\t\t\t\t\t<div class=\"e-gallery-image elementor-gallery-item__image\" data-thumbnail=\"https:\/\/ocpackaging.pt\/wp-content\/uploads\/2026\/01\/Gemini_Generated_Image_nrynyvnrynyvnryn-e1768747921772-260x300.png\" data-width=\"260\" data-height=\"300\" aria-label=\"\" role=\"img\" ><\/div>\n\t\t\t\t\t\t\t\t\t\t\t<div class=\"elementor-gallery-item__overlay\"><\/div>\n\t\t\t\t\t\t\t\t\t\t\t\t\t\t<\/a>\n\t\t\t\t\t\t\t<a class=\"e-gallery-item elementor-gallery-item elementor-animated-content\" href=\"https:\/\/ocpackaging.pt\/wp-content\/uploads\/2026\/01\/Gemini_Generated_Image_v84wkzv84wkzv84w-e1768747849965.png\" data-elementor-open-lightbox=\"yes\" data-elementor-lightbox-slideshow=\"a45864d\" data-elementor-lightbox-title=\"Gemini_Generated_Image_v84wkzv84wkzv84w\" data-e-action-hash=\"#elementor-action%3Aaction%3Dlightbox%26settings%3DeyJpZCI6MjQxLCJ1cmwiOiJodHRwczpcL1wvb2NwYWNrYWdpbmcucHRcL3dwLWNvbnRlbnRcL3VwbG9hZHNcLzIwMjZcLzAxXC9HZW1pbmlfR2VuZXJhdGVkX0ltYWdlX3Y4NHdrenY4NHdrenY4NHctZTE3Njg3NDc4NDk5NjUucG5nIiwic2xpZGVzaG93IjoiYTQ1ODY0ZCJ9\">\n\t\t\t\t\t<div class=\"e-gallery-image elementor-gallery-item__image\" data-thumbnail=\"https:\/\/ocpackaging.pt\/wp-content\/uploads\/2026\/01\/Gemini_Generated_Image_v84wkzv84wkzv84w-e1768747849965-300x272.png\" data-width=\"300\" data-height=\"272\" aria-label=\"\" role=\"img\" ><\/div>\n\t\t\t\t\t\t\t\t\t\t\t<div class=\"elementor-gallery-item__overlay\"><\/div>\n\t\t\t\t\t\t\t\t\t\t\t\t\t\t<\/a>\n\t\t\t\t\t\t\t<a class=\"e-gallery-item elementor-gallery-item elementor-animated-content\" href=\"https:\/\/ocpackaging.pt\/wp-content\/uploads\/2026\/01\/Gemini_Generated_Image_cckc55cckc55cckc-e1768747889322.png\" data-elementor-open-lightbox=\"yes\" data-elementor-lightbox-slideshow=\"a45864d\" data-elementor-lightbox-title=\"Gemini_Generated_Image_cckc55cckc55cckc\" data-e-action-hash=\"#elementor-action%3Aaction%3Dlightbox%26settings%3DeyJpZCI6MjQzLCJ1cmwiOiJodHRwczpcL1wvb2NwYWNrYWdpbmcucHRcL3dwLWNvbnRlbnRcL3VwbG9hZHNcLzIwMjZcLzAxXC9HZW1pbmlfR2VuZXJhdGVkX0ltYWdlX2Nja2M1NWNja2M1NWNja2MtZTE3Njg3NDc4ODkzMjIucG5nIiwic2xpZGVzaG93IjoiYTQ1ODY0ZCJ9\">\n\t\t\t\t\t<div class=\"e-gallery-image elementor-gallery-item__image\" data-thumbnail=\"https:\/\/ocpackaging.pt\/wp-content\/uploads\/2026\/01\/Gemini_Generated_Image_cckc55cckc55cckc-e1768747889322-300x270.png\" data-width=\"300\" data-height=\"270\" aria-label=\"\" role=\"img\" ><\/div>\n\t\t\t\t\t\t\t\t\t\t\t<div class=\"elementor-gallery-item__overlay\"><\/div>\n\t\t\t\t\t\t\t\t\t\t\t\t\t\t<\/a>\n\t\t\t\t\t\t\t<a class=\"e-gallery-item elementor-gallery-item elementor-animated-content\" href=\"https:\/\/ocpackaging.pt\/wp-content\/uploads\/2026\/01\/Gemini_Generated_Image_cd1kaecd1kaecd1k-e1768747870648.png\" data-elementor-open-lightbox=\"yes\" data-elementor-lightbox-slideshow=\"a45864d\" data-elementor-lightbox-title=\"Gemini_Generated_Image_cd1kaecd1kaecd1k\" data-e-action-hash=\"#elementor-action%3Aaction%3Dlightbox%26settings%3DeyJpZCI6MjQyLCJ1cmwiOiJodHRwczpcL1wvb2NwYWNrYWdpbmcucHRcL3dwLWNvbnRlbnRcL3VwbG9hZHNcLzIwMjZcLzAxXC9HZW1pbmlfR2VuZXJhdGVkX0ltYWdlX2NkMWthZWNkMWthZWNkMWstZTE3Njg3NDc4NzA2NDgucG5nIiwic2xpZGVzaG93IjoiYTQ1ODY0ZCJ9\">\n\t\t\t\t\t<div class=\"e-gallery-image elementor-gallery-item__image\" data-thumbnail=\"https:\/\/ocpackaging.pt\/wp-content\/uploads\/2026\/01\/Gemini_Generated_Image_cd1kaecd1kaecd1k-e1768747870648-300x267.png\" data-width=\"300\" data-height=\"267\" aria-label=\"\" role=\"img\" ><\/div>\n\t\t\t\t\t\t\t\t\t\t\t<div class=\"elementor-gallery-item__overlay\"><\/div>\n\t\t\t\t\t\t\t\t\t\t\t\t\t\t<\/a>\n\t\t\t\t\t<\/div>\n\t\t\t\t\t<\/div>\n\t\t\t\t\t<\/div>\n\t\t\t\t<\/div>\n\t\t<div class=\"elementor-element elementor-element-f32561a e-flex e-con-boxed e-con e-parent\" data-id=\"f32561a\" data-element_type=\"container\">\n\t\t\t\t\t<div class=\"e-con-inner\">\n\t\t<div class=\"elementor-element elementor-element-1e51d2e e-con-full e-flex e-con e-child\" data-id=\"1e51d2e\" data-element_type=\"container\">\n\t\t\t\t<div class=\"elementor-element elementor-element-95b9702 elementor-widget elementor-widget-text-editor\" data-id=\"95b9702\" data-element_type=\"widget\" data-widget_type=\"text-editor.default\">\n\t\t\t\t\t\t\t\t\t<h3 data-path-to-node=\"4\"><b data-path-to-node=\"4\" data-index-in-node=\"0\">Embalagens para Produtos T\u00eaxteis<\/b><\/h3><p data-path-to-node=\"5\">Para o setor t\u00eaxtil, a embalagem \u00e9 uma extens\u00e3o da pe\u00e7a de roupa. Atrav\u00e9s de diferentes <b data-path-to-node=\"5\" data-index-in-node=\"88\">gramagens e acabamentos<\/b>, criamos caixas que valorizam a marca e protegem tecidos delicados. S\u00e3o solu\u00e7\u00f5es ecol\u00f3gicas que substituem com efic\u00e1cia o pl\u00e1stico, conferindo um toque de sofistica\u00e7\u00e3o e cuidado que o segmento de moda exige.<\/p>\t\t\t\t\t\t\t\t<\/div>\n\t\t\t\t<\/div>\n\t\t\t\t\t<\/div>\n\t\t\t\t<\/div>\n\t\t<div class=\"elementor-element elementor-element-0ee3290 e-flex e-con-boxed e-con e-parent\" data-id=\"0ee3290\" data-element_type=\"container\">\n\t\t\t\t\t<div class=\"e-con-inner\">\n\t\t\t\t<div class=\"elementor-element elementor-element-a0653d7 elementor-widget-divider--view-line elementor-widget elementor-widget-divider\" data-id=\"a0653d7\" data-element_type=\"widget\" data-widget_type=\"divider.default\">\n\t\t\t\t\t\t\t<div class=\"elementor-divider\">\n\t\t\t<span class=\"elementor-divider-separator\">\n\t\t\t\t\t\t<\/span>\n\t\t<\/div>\n\t\t\t\t\t\t<\/div>\n\t\t\t\t\t<\/div>\n\t\t\t\t<\/div>\n\t\t<div class=\"elementor-element elementor-element-6cc4b3b e-flex e-con-boxed e-con e-parent\" data-id=\"6cc4b3b\" data-element_type=\"container\">\n\t\t\t\t\t<div class=\"e-con-inner\">\n\t\t\t\t<div class=\"elementor-element elementor-element-f1bd826 elementor-widget elementor-widget-image\" data-id=\"f1bd826\" data-element_type=\"widget\" data-widget_type=\"image.default\">\n\t\t\t\t\t\t\t\t\t\t\t\t\t\t\t\t<a href=\"https:\/\/wa.me\/351918786106\">\n\t\t\t\t\t\t\t<img decoding=\"async\" width=\"2560\" height=\"366\" src=\"https:\/\/ocpackaging.pt\/wp-content\/uploads\/2026\/01\/O-padrao-maximo-1-scaled.png\" class=\"attachment-full size-full wp-image-183\" alt=\"\" srcset=\"https:\/\/ocpackaging.pt\/wp-content\/uploads\/2026\/01\/O-padrao-maximo-1-scaled.png 2560w, https:\/\/ocpackaging.pt\/wp-content\/uploads\/2026\/01\/O-padrao-maximo-1-300x43.png 300w, https:\/\/ocpackaging.pt\/wp-content\/uploads\/2026\/01\/O-padrao-maximo-1-1024x146.png 1024w, https:\/\/ocpackaging.pt\/wp-content\/uploads\/2026\/01\/O-padrao-maximo-1-768x110.png 768w, https:\/\/ocpackaging.pt\/wp-content\/uploads\/2026\/01\/O-padrao-maximo-1-1536x220.png 1536w, https:\/\/ocpackaging.pt\/wp-content\/uploads\/2026\/01\/O-padrao-maximo-1-2048x293.png 2048w\" sizes=\"(max-width: 2560px) 100vw, 2560px\" \/>\t\t\t\t\t\t\t\t<\/a>\n\t\t\t\t\t\t\t\t\t\t\t\t\t\t\t<\/div>\n\t\t\t\t\t<\/div>\n\t\t\t\t<\/div>\n\t\t\t\t<\/div>\n\t\t","protected":false},"excerpt":{"rendered":"<p>Embalagens para Produtos T\u00eaxteis Para o setor t\u00eaxtil, a embalagem \u00e9 uma extens\u00e3o da pe\u00e7a de roupa. Atrav\u00e9s de diferentes gramagens e acabamentos, criamos caixas que valorizam a marca e protegem tecidos delicados. S\u00e3o solu\u00e7\u00f5es ecol\u00f3gicas que substituem com efic\u00e1cia o pl\u00e1stico, conferindo um toque de sofistica\u00e7\u00e3o e cuidado que o segmento de moda exige.<\/p>\n","protected":false},"author":1,"featured_media":0,"parent":0,"menu_order":0,"comment_status":"closed","ping_status":"closed","template":"","meta":{"footnotes":""},"class_list":["post-223","page","type-page","status-publish","hentry"],"_links":{"self":[{"href":"https:\/\/ocpackaging.pt\/index.php\/wp-json\/wp\/v2\/pages\/223","targetHints":{"allow":["GET"]}}],"collection":[{"href":"https:\/\/ocpackaging.pt\/index.php\/wp-json\/wp\/v2\/pages"}],"about":[{"href":"https:\/\/ocpackaging.pt\/index.php\/wp-json\/wp\/v2\/types\/page"}],"author":[{"embeddable":true,"href":"https:\/\/ocpackaging.pt\/index.php\/wp-json\/wp\/v2\/users\/1"}],"replies":[{"embeddable":true,"href":"https:\/\/ocpackaging.pt\/index.php\/wp-json\/wp\/v2\/comments?post=223"}],"version-history":[{"count":12,"href":"https:\/\/ocpackaging.pt\/index.php\/wp-json\/wp\/v2\/pages\/223\/revisions"}],"predecessor-version":[{"id":268,"href":"https:\/\/ocpackaging.pt\/index.php\/wp-json\/wp\/v2\/pages\/223\/revisions\/268"}],"wp:attachment":[{"href":"https:\/\/ocpackaging.pt\/index.php\/wp-json\/wp\/v2\/media?parent=223"}],"curies":[{"name":"wp","href":"https:\/\/api.w.org\/{rel}","templated":true}]}}