{"id":216,"date":"2026-01-13T00:13:26","date_gmt":"2026-01-13T00:13:26","guid":{"rendered":"https:\/\/ocpackaging.pt\/?page_id=216"},"modified":"2026-01-22T16:48:06","modified_gmt":"2026-01-22T16:48:06","slug":"ecommerce","status":"publish","type":"page","link":"https:\/\/ocpackaging.pt\/index.php\/ecommerce\/","title":{"rendered":"ecommerce"},"content":{"rendered":"\t\t<div data-elementor-type=\"wp-page\" data-elementor-id=\"216\" class=\"elementor elementor-216\" data-elementor-post-type=\"page\">\n\t\t\t\t<div class=\"elementor-element elementor-element-bdcda06 e-flex e-con-boxed e-con e-parent\" data-id=\"bdcda06\" data-element_type=\"container\">\n\t\t\t\t\t<div class=\"e-con-inner\">\n\t\t\t\t<div class=\"elementor-element elementor-element-de393c4 elementor-widget elementor-widget-image\" data-id=\"de393c4\" data-element_type=\"widget\" data-widget_type=\"image.default\">\n\t\t\t\t\t\t\t\t\t\t\t\t\t\t\t<img fetchpriority=\"high\" decoding=\"async\" width=\"2560\" height=\"365\" src=\"https:\/\/ocpackaging.pt\/wp-content\/uploads\/2026\/01\/5-scaled.png\" class=\"attachment-full size-full wp-image-182\" alt=\"\" srcset=\"https:\/\/ocpackaging.pt\/wp-content\/uploads\/2026\/01\/5-scaled.png 2560w, https:\/\/ocpackaging.pt\/wp-content\/uploads\/2026\/01\/5-300x43.png 300w, https:\/\/ocpackaging.pt\/wp-content\/uploads\/2026\/01\/5-1024x146.png 1024w, https:\/\/ocpackaging.pt\/wp-content\/uploads\/2026\/01\/5-768x110.png 768w, https:\/\/ocpackaging.pt\/wp-content\/uploads\/2026\/01\/5-1536x219.png 1536w, https:\/\/ocpackaging.pt\/wp-content\/uploads\/2026\/01\/5-2048x292.png 2048w\" sizes=\"(max-width: 2560px) 100vw, 2560px\" \/>\t\t\t\t\t\t\t\t\t\t\t\t\t\t\t<\/div>\n\t\t\t\t\t<\/div>\n\t\t\t\t<\/div>\n\t\t<div class=\"elementor-element elementor-element-98ffc00 e-flex e-con-boxed e-con e-parent\" data-id=\"98ffc00\" data-element_type=\"container\">\n\t\t\t\t\t<div class=\"e-con-inner\">\n\t\t\t\t<div class=\"elementor-element elementor-element-96697be elementor-widget elementor-widget-gallery\" data-id=\"96697be\" data-element_type=\"widget\" data-settings=\"{&quot;lazyload&quot;:&quot;yes&quot;,&quot;gallery_layout&quot;:&quot;grid&quot;,&quot;columns&quot;:4,&quot;columns_tablet&quot;:2,&quot;columns_mobile&quot;:1,&quot;gap&quot;:{&quot;unit&quot;:&quot;px&quot;,&quot;size&quot;:10,&quot;sizes&quot;:[]},&quot;gap_tablet&quot;:{&quot;unit&quot;:&quot;px&quot;,&quot;size&quot;:10,&quot;sizes&quot;:[]},&quot;gap_mobile&quot;:{&quot;unit&quot;:&quot;px&quot;,&quot;size&quot;:10,&quot;sizes&quot;:[]},&quot;link_to&quot;:&quot;file&quot;,&quot;aspect_ratio&quot;:&quot;3:2&quot;,&quot;overlay_background&quot;:&quot;yes&quot;,&quot;content_hover_animation&quot;:&quot;fade-in&quot;}\" data-widget_type=\"gallery.default\">\n\t\t\t\t\t\t\t<div class=\"elementor-gallery__container\">\n\t\t\t\t\t\t\t<a class=\"e-gallery-item elementor-gallery-item elementor-animated-content\" href=\"https:\/\/ocpackaging.pt\/wp-content\/uploads\/2026\/01\/cutii_rigide_1.png\" data-elementor-open-lightbox=\"yes\" data-elementor-lightbox-slideshow=\"96697be\" data-elementor-lightbox-title=\"cutii_rigide_1\" data-e-action-hash=\"#elementor-action%3Aaction%3Dlightbox%26settings%3DeyJpZCI6MTg2LCJ1cmwiOiJodHRwczpcL1wvb2NwYWNrYWdpbmcucHRcL3dwLWNvbnRlbnRcL3VwbG9hZHNcLzIwMjZcLzAxXC9jdXRpaV9yaWdpZGVfMS5wbmciLCJzbGlkZXNob3ciOiI5NjY5N2JlIn0%3D\">\n\t\t\t\t\t<div class=\"e-gallery-image elementor-gallery-item__image\" data-thumbnail=\"https:\/\/ocpackaging.pt\/wp-content\/uploads\/2026\/01\/cutii_rigide_1-300x225.png\" data-width=\"300\" data-height=\"225\" aria-label=\"\" role=\"img\" ><\/div>\n\t\t\t\t\t\t\t\t\t\t\t<div class=\"elementor-gallery-item__overlay\"><\/div>\n\t\t\t\t\t\t\t\t\t\t\t\t\t\t<\/a>\n\t\t\t\t\t\t\t<a class=\"e-gallery-item elementor-gallery-item elementor-animated-content\" href=\"https:\/\/ocpackaging.pt\/wp-content\/uploads\/2026\/01\/21b4fe55226127.597b72e14ecc2.jpg\" data-elementor-open-lightbox=\"yes\" data-elementor-lightbox-slideshow=\"96697be\" data-elementor-lightbox-title=\"\u5de5\u7a0b\u6587\u4ef6\" data-e-action-hash=\"#elementor-action%3Aaction%3Dlightbox%26settings%3DeyJpZCI6MTkwLCJ1cmwiOiJodHRwczpcL1wvb2NwYWNrYWdpbmcucHRcL3dwLWNvbnRlbnRcL3VwbG9hZHNcLzIwMjZcLzAxXC8yMWI0ZmU1NTIyNjEyNy41OTdiNzJlMTRlY2MyLmpwZyIsInNsaWRlc2hvdyI6Ijk2Njk3YmUifQ%3D%3D\">\n\t\t\t\t\t<div class=\"e-gallery-image elementor-gallery-item__image\" data-thumbnail=\"https:\/\/ocpackaging.pt\/wp-content\/uploads\/2026\/01\/21b4fe55226127.597b72e14ecc2-300x180.jpg\" data-width=\"300\" data-height=\"180\" aria-label=\"\" role=\"img\" ><\/div>\n\t\t\t\t\t\t\t\t\t\t\t<div class=\"elementor-gallery-item__overlay\"><\/div>\n\t\t\t\t\t\t\t\t\t\t\t\t\t\t<\/a>\n\t\t\t\t\t\t\t<a class=\"e-gallery-item elementor-gallery-item elementor-animated-content\" href=\"https:\/\/ocpackaging.pt\/wp-content\/uploads\/2026\/01\/95a8a848122495.588f82ac10d7c.jpg\" data-elementor-open-lightbox=\"yes\" data-elementor-lightbox-slideshow=\"96697be\" data-elementor-lightbox-title=\"95a8a848122495.588f82ac10d7c\" data-e-action-hash=\"#elementor-action%3Aaction%3Dlightbox%26settings%3DeyJpZCI6MTkxLCJ1cmwiOiJodHRwczpcL1wvb2NwYWNrYWdpbmcucHRcL3dwLWNvbnRlbnRcL3VwbG9hZHNcLzIwMjZcLzAxXC85NWE4YTg0ODEyMjQ5NS41ODhmODJhYzEwZDdjLmpwZyIsInNsaWRlc2hvdyI6Ijk2Njk3YmUifQ%3D%3D\">\n\t\t\t\t\t<div class=\"e-gallery-image elementor-gallery-item__image\" data-thumbnail=\"https:\/\/ocpackaging.pt\/wp-content\/uploads\/2026\/01\/95a8a848122495.588f82ac10d7c-300x201.jpg\" data-width=\"300\" data-height=\"201\" aria-label=\"\" role=\"img\" ><\/div>\n\t\t\t\t\t\t\t\t\t\t\t<div class=\"elementor-gallery-item__overlay\"><\/div>\n\t\t\t\t\t\t\t\t\t\t\t\t\t\t<\/a>\n\t\t\t\t\t\t\t<a class=\"e-gallery-item elementor-gallery-item elementor-animated-content\" href=\"https:\/\/ocpackaging.pt\/wp-content\/uploads\/2026\/01\/cutii_simple_1.png\" data-elementor-open-lightbox=\"yes\" data-elementor-lightbox-slideshow=\"96697be\" data-elementor-lightbox-title=\"cutii_simple_1\" data-e-action-hash=\"#elementor-action%3Aaction%3Dlightbox%26settings%3DeyJpZCI6MTkyLCJ1cmwiOiJodHRwczpcL1wvb2NwYWNrYWdpbmcucHRcL3dwLWNvbnRlbnRcL3VwbG9hZHNcLzIwMjZcLzAxXC9jdXRpaV9zaW1wbGVfMS5wbmciLCJzbGlkZXNob3ciOiI5NjY5N2JlIn0%3D\">\n\t\t\t\t\t<div class=\"e-gallery-image elementor-gallery-item__image\" data-thumbnail=\"https:\/\/ocpackaging.pt\/wp-content\/uploads\/2026\/01\/cutii_simple_1-300x225.png\" data-width=\"300\" data-height=\"225\" aria-label=\"\" role=\"img\" ><\/div>\n\t\t\t\t\t\t\t\t\t\t\t<div class=\"elementor-gallery-item__overlay\"><\/div>\n\t\t\t\t\t\t\t\t\t\t\t\t\t\t<\/a>\n\t\t\t\t\t\t\t<a class=\"e-gallery-item elementor-gallery-item elementor-animated-content\" href=\"https:\/\/ocpackaging.pt\/wp-content\/uploads\/2026\/01\/e9daaa37469283.5741c030d41d8_2.jpg\" data-elementor-open-lightbox=\"yes\" data-elementor-lightbox-slideshow=\"96697be\" data-elementor-lightbox-title=\"e9daaa37469283.5741c030d41d8_2\" data-e-action-hash=\"#elementor-action%3Aaction%3Dlightbox%26settings%3DeyJpZCI6MTkzLCJ1cmwiOiJodHRwczpcL1wvb2NwYWNrYWdpbmcucHRcL3dwLWNvbnRlbnRcL3VwbG9hZHNcLzIwMjZcLzAxXC9lOWRhYWEzNzQ2OTI4My41NzQxYzAzMGQ0MWQ4XzIuanBnIiwic2xpZGVzaG93IjoiOTY2OTdiZSJ9\">\n\t\t\t\t\t<div class=\"e-gallery-image elementor-gallery-item__image\" data-thumbnail=\"https:\/\/ocpackaging.pt\/wp-content\/uploads\/2026\/01\/e9daaa37469283.5741c030d41d8_2-300x196.jpg\" data-width=\"300\" data-height=\"196\" aria-label=\"\" role=\"img\" ><\/div>\n\t\t\t\t\t\t\t\t\t\t\t<div class=\"elementor-gallery-item__overlay\"><\/div>\n\t\t\t\t\t\t\t\t\t\t\t\t\t\t<\/a>\n\t\t\t\t\t\t\t<a class=\"e-gallery-item elementor-gallery-item elementor-animated-content\" href=\"https:\/\/ocpackaging.pt\/wp-content\/uploads\/2026\/01\/n3yeajc03pyb2he69tol.jpg\" data-elementor-open-lightbox=\"yes\" data-elementor-lightbox-slideshow=\"96697be\" data-elementor-lightbox-title=\"n3yeajc03pyb2he69tol\" data-e-action-hash=\"#elementor-action%3Aaction%3Dlightbox%26settings%3DeyJpZCI6MTk0LCJ1cmwiOiJodHRwczpcL1wvb2NwYWNrYWdpbmcucHRcL3dwLWNvbnRlbnRcL3VwbG9hZHNcLzIwMjZcLzAxXC9uM3llYWpjMDNweWIyaGU2OXRvbC5qcGciLCJzbGlkZXNob3ciOiI5NjY5N2JlIn0%3D\">\n\t\t\t\t\t<div class=\"e-gallery-image elementor-gallery-item__image\" data-thumbnail=\"https:\/\/ocpackaging.pt\/wp-content\/uploads\/2026\/01\/n3yeajc03pyb2he69tol-300x203.jpg\" data-width=\"300\" data-height=\"203\" aria-label=\"\" role=\"img\" ><\/div>\n\t\t\t\t\t\t\t\t\t\t\t<div class=\"elementor-gallery-item__overlay\"><\/div>\n\t\t\t\t\t\t\t\t\t\t\t\t\t\t<\/a>\n\t\t\t\t\t\t\t<a class=\"e-gallery-item elementor-gallery-item elementor-animated-content\" href=\"https:\/\/ocpackaging.pt\/wp-content\/uploads\/2026\/01\/ymlb7dvzn2daxrplrptw.jpg\" data-elementor-open-lightbox=\"yes\" data-elementor-lightbox-slideshow=\"96697be\" data-elementor-lightbox-title=\"ymlb7dvzn2daxrplrptw\" data-e-action-hash=\"#elementor-action%3Aaction%3Dlightbox%26settings%3DeyJpZCI6MTk1LCJ1cmwiOiJodHRwczpcL1wvb2NwYWNrYWdpbmcucHRcL3dwLWNvbnRlbnRcL3VwbG9hZHNcLzIwMjZcLzAxXC95bWxiN2R2em4yZGF4cnBscnB0dy5qcGciLCJzbGlkZXNob3ciOiI5NjY5N2JlIn0%3D\">\n\t\t\t\t\t<div class=\"e-gallery-image elementor-gallery-item__image\" data-thumbnail=\"https:\/\/ocpackaging.pt\/wp-content\/uploads\/2026\/01\/ymlb7dvzn2daxrplrptw-265x300.jpg\" data-width=\"265\" data-height=\"300\" aria-label=\"\" role=\"img\" ><\/div>\n\t\t\t\t\t\t\t\t\t\t\t<div class=\"elementor-gallery-item__overlay\"><\/div>\n\t\t\t\t\t\t\t\t\t\t\t\t\t\t<\/a>\n\t\t\t\t\t\t\t<a class=\"e-gallery-item elementor-gallery-item elementor-animated-content\" href=\"https:\/\/ocpackaging.pt\/wp-content\/uploads\/2026\/01\/Gemini_Generated_Image_90owx190owx190ow-e1768261831387.png\" data-elementor-open-lightbox=\"yes\" data-elementor-lightbox-slideshow=\"96697be\" data-elementor-lightbox-title=\"Gemini_Generated_Image_90owx190owx190ow\" data-e-action-hash=\"#elementor-action%3Aaction%3Dlightbox%26settings%3DeyJpZCI6MTk2LCJ1cmwiOiJodHRwczpcL1wvb2NwYWNrYWdpbmcucHRcL3dwLWNvbnRlbnRcL3VwbG9hZHNcLzIwMjZcLzAxXC9HZW1pbmlfR2VuZXJhdGVkX0ltYWdlXzkwb3d4MTkwb3d4MTkwb3ctZTE3NjgyNjE4MzEzODcucG5nIiwic2xpZGVzaG93IjoiOTY2OTdiZSJ9\">\n\t\t\t\t\t<div class=\"e-gallery-image elementor-gallery-item__image\" data-thumbnail=\"https:\/\/ocpackaging.pt\/wp-content\/uploads\/2026\/01\/Gemini_Generated_Image_90owx190owx190ow-e1768261831387-300x288.png\" data-width=\"300\" data-height=\"288\" aria-label=\"\" role=\"img\" ><\/div>\n\t\t\t\t\t\t\t\t\t\t\t<div class=\"elementor-gallery-item__overlay\"><\/div>\n\t\t\t\t\t\t\t\t\t\t\t\t\t\t<\/a>\n\t\t\t\t\t<\/div>\n\t\t\t\t\t<\/div>\n\t\t\t\t\t<\/div>\n\t\t\t\t<\/div>\n\t\t<div class=\"elementor-element elementor-element-faa6ff2 e-flex e-con-boxed e-con e-parent\" data-id=\"faa6ff2\" data-element_type=\"container\">\n\t\t\t\t\t<div class=\"e-con-inner\">\n\t\t\t\t<div class=\"elementor-element elementor-element-7d6561a elementor-widget elementor-widget-text-editor\" data-id=\"7d6561a\" data-element_type=\"widget\" data-widget_type=\"text-editor.default\">\n\t\t\t\t\t\t\t\t\t<h3 data-path-to-node=\"6\"><b data-path-to-node=\"6\" data-index-in-node=\"0\">Embalagens para E-commerce<\/b><\/h3><p data-path-to-node=\"7\">Desenvolvidas para serem <b data-path-to-node=\"7\" data-index-in-node=\"25\">din\u00e2micas e resistentes<\/b>, estas embalagens s\u00e3o pensadas para o transporte e log\u00edstica. Garantem que o produto chegue intacto ao destino final, sem descurar o &#8220;unboxing&#8221;. A robustez do cart\u00e3o compacto protege contra impactos, enquanto o design personalizado comunica a identidade da marca desde o primeiro contacto com o cliente.<\/p>\t\t\t\t\t\t\t\t<\/div>\n\t\t\t\t\t<\/div>\n\t\t\t\t<\/div>\n\t\t<div class=\"elementor-element elementor-element-549662f e-flex e-con-boxed e-con e-parent\" data-id=\"549662f\" data-element_type=\"container\">\n\t\t\t\t\t<div class=\"e-con-inner\">\n\t\t\t\t<div class=\"elementor-element elementor-element-68239dc elementor-widget-divider--view-line elementor-widget elementor-widget-divider\" data-id=\"68239dc\" data-element_type=\"widget\" data-widget_type=\"divider.default\">\n\t\t\t\t\t\t\t<div class=\"elementor-divider\">\n\t\t\t<span class=\"elementor-divider-separator\">\n\t\t\t\t\t\t<\/span>\n\t\t<\/div>\n\t\t\t\t\t\t<\/div>\n\t\t\t\t\t<\/div>\n\t\t\t\t<\/div>\n\t\t<div class=\"elementor-element elementor-element-8e9e2e7 e-flex e-con-boxed e-con e-parent\" data-id=\"8e9e2e7\" data-element_type=\"container\">\n\t\t\t\t\t<div class=\"e-con-inner\">\n\t\t<div class=\"elementor-element elementor-element-5e4f13c e-con-full e-flex e-con e-child\" data-id=\"5e4f13c\" data-element_type=\"container\">\n\t\t\t\t<div class=\"elementor-element elementor-element-769bce3 elementor-widget elementor-widget-image\" data-id=\"769bce3\" data-element_type=\"widget\" data-widget_type=\"image.default\">\n\t\t\t\t\t\t\t\t\t\t\t\t\t\t\t\t<a href=\"https:\/\/wa.me\/351918786106\">\n\t\t\t\t\t\t\t<img decoding=\"async\" width=\"2560\" height=\"366\" src=\"https:\/\/ocpackaging.pt\/wp-content\/uploads\/2026\/01\/O-padrao-maximo-1-scaled.png\" class=\"attachment-full size-full wp-image-183\" alt=\"\" srcset=\"https:\/\/ocpackaging.pt\/wp-content\/uploads\/2026\/01\/O-padrao-maximo-1-scaled.png 2560w, https:\/\/ocpackaging.pt\/wp-content\/uploads\/2026\/01\/O-padrao-maximo-1-300x43.png 300w, https:\/\/ocpackaging.pt\/wp-content\/uploads\/2026\/01\/O-padrao-maximo-1-1024x146.png 1024w, https:\/\/ocpackaging.pt\/wp-content\/uploads\/2026\/01\/O-padrao-maximo-1-768x110.png 768w, https:\/\/ocpackaging.pt\/wp-content\/uploads\/2026\/01\/O-padrao-maximo-1-1536x220.png 1536w, https:\/\/ocpackaging.pt\/wp-content\/uploads\/2026\/01\/O-padrao-maximo-1-2048x293.png 2048w\" sizes=\"(max-width: 2560px) 100vw, 2560px\" \/>\t\t\t\t\t\t\t\t<\/a>\n\t\t\t\t\t\t\t\t\t\t\t\t\t\t\t<\/div>\n\t\t\t\t<\/div>\n\t\t\t\t\t<\/div>\n\t\t\t\t<\/div>\n\t\t\t\t<\/div>\n\t\t","protected":false},"excerpt":{"rendered":"<p>Embalagens para E-commerce Desenvolvidas para serem din\u00e2micas e resistentes, estas embalagens s\u00e3o pensadas para o transporte e log\u00edstica. Garantem que o produto chegue intacto ao destino final, sem descurar o &#8220;unboxing&#8221;. A robustez do cart\u00e3o compacto protege contra impactos, enquanto o design personalizado comunica a identidade da marca desde o primeiro contacto com o cliente.<\/p>\n","protected":false},"author":1,"featured_media":0,"parent":0,"menu_order":0,"comment_status":"closed","ping_status":"closed","template":"","meta":{"footnotes":""},"class_list":["post-216","page","type-page","status-publish","hentry"],"_links":{"self":[{"href":"https:\/\/ocpackaging.pt\/index.php\/wp-json\/wp\/v2\/pages\/216","targetHints":{"allow":["GET"]}}],"collection":[{"href":"https:\/\/ocpackaging.pt\/index.php\/wp-json\/wp\/v2\/pages"}],"about":[{"href":"https:\/\/ocpackaging.pt\/index.php\/wp-json\/wp\/v2\/types\/page"}],"author":[{"embeddable":true,"href":"https:\/\/ocpackaging.pt\/index.php\/wp-json\/wp\/v2\/users\/1"}],"replies":[{"embeddable":true,"href":"https:\/\/ocpackaging.pt\/index.php\/wp-json\/wp\/v2\/comments?post=216"}],"version-history":[{"count":8,"href":"https:\/\/ocpackaging.pt\/index.php\/wp-json\/wp\/v2\/pages\/216\/revisions"}],"predecessor-version":[{"id":259,"href":"https:\/\/ocpackaging.pt\/index.php\/wp-json\/wp\/v2\/pages\/216\/revisions\/259"}],"wp:attachment":[{"href":"https:\/\/ocpackaging.pt\/index.php\/wp-json\/wp\/v2\/media?parent=216"}],"curies":[{"name":"wp","href":"https:\/\/api.w.org\/{rel}","templated":true}]}}