{"id":210,"date":"2026-01-13T00:09:44","date_gmt":"2026-01-13T00:09:44","guid":{"rendered":"https:\/\/ocpackaging.pt\/?page_id=210"},"modified":"2026-01-22T15:53:40","modified_gmt":"2026-01-22T15:53:40","slug":"calcados","status":"publish","type":"page","link":"https:\/\/ocpackaging.pt\/index.php\/calcados\/","title":{"rendered":"cal\u00e7ados"},"content":{"rendered":"\t\t<div data-elementor-type=\"wp-page\" data-elementor-id=\"210\" class=\"elementor elementor-210\" data-elementor-post-type=\"page\">\n\t\t\t\t<div class=\"elementor-element elementor-element-2a58959 e-flex e-con-boxed e-con e-parent\" data-id=\"2a58959\" data-element_type=\"container\">\n\t\t\t\t\t<div class=\"e-con-inner\">\n\t\t<div class=\"elementor-element elementor-element-b09cfb4 e-con-full e-flex e-con e-child\" data-id=\"b09cfb4\" data-element_type=\"container\">\n\t\t\t\t<div class=\"elementor-element elementor-element-7f7195e elementor-widget elementor-widget-image\" data-id=\"7f7195e\" data-element_type=\"widget\" data-widget_type=\"image.default\">\n\t\t\t\t\t\t\t\t\t\t\t\t\t\t\t<img fetchpriority=\"high\" decoding=\"async\" width=\"2560\" height=\"365\" src=\"https:\/\/ocpackaging.pt\/wp-content\/uploads\/2026\/01\/4-scaled.png\" class=\"attachment-full size-full wp-image-181\" alt=\"\" srcset=\"https:\/\/ocpackaging.pt\/wp-content\/uploads\/2026\/01\/4-scaled.png 2560w, https:\/\/ocpackaging.pt\/wp-content\/uploads\/2026\/01\/4-300x43.png 300w, https:\/\/ocpackaging.pt\/wp-content\/uploads\/2026\/01\/4-1024x146.png 1024w, https:\/\/ocpackaging.pt\/wp-content\/uploads\/2026\/01\/4-768x110.png 768w, https:\/\/ocpackaging.pt\/wp-content\/uploads\/2026\/01\/4-1536x219.png 1536w, https:\/\/ocpackaging.pt\/wp-content\/uploads\/2026\/01\/4-2048x292.png 2048w\" sizes=\"(max-width: 2560px) 100vw, 2560px\" \/>\t\t\t\t\t\t\t\t\t\t\t\t\t\t\t<\/div>\n\t\t\t\t<\/div>\n\t\t\t\t\t<\/div>\n\t\t\t\t<\/div>\n\t\t<div class=\"elementor-element elementor-element-c9ffa60 e-flex e-con-boxed e-con e-parent\" data-id=\"c9ffa60\" data-element_type=\"container\">\n\t\t\t\t\t<div class=\"e-con-inner\">\n\t\t\t\t<div class=\"elementor-element elementor-element-4b7a0e7 elementor-widget elementor-widget-gallery\" data-id=\"4b7a0e7\" data-element_type=\"widget\" data-settings=\"{&quot;gallery_layout&quot;:&quot;justified&quot;,&quot;ideal_row_height&quot;:{&quot;unit&quot;:&quot;px&quot;,&quot;size&quot;:117,&quot;sizes&quot;:[]},&quot;gap&quot;:{&quot;unit&quot;:&quot;px&quot;,&quot;size&quot;:6,&quot;sizes&quot;:[]},&quot;lazyload&quot;:&quot;yes&quot;,&quot;ideal_row_height_tablet&quot;:{&quot;unit&quot;:&quot;px&quot;,&quot;size&quot;:150,&quot;sizes&quot;:[]},&quot;ideal_row_height_mobile&quot;:{&quot;unit&quot;:&quot;px&quot;,&quot;size&quot;:150,&quot;sizes&quot;:[]},&quot;gap_tablet&quot;:{&quot;unit&quot;:&quot;px&quot;,&quot;size&quot;:10,&quot;sizes&quot;:[]},&quot;gap_mobile&quot;:{&quot;unit&quot;:&quot;px&quot;,&quot;size&quot;:10,&quot;sizes&quot;:[]},&quot;link_to&quot;:&quot;file&quot;,&quot;overlay_background&quot;:&quot;yes&quot;,&quot;content_hover_animation&quot;:&quot;fade-in&quot;}\" data-widget_type=\"gallery.default\">\n\t\t\t\t\t\t\t<div class=\"elementor-gallery__container\">\n\t\t\t\t\t\t\t<a class=\"e-gallery-item elementor-gallery-item elementor-animated-content\" href=\"https:\/\/ocpackaging.pt\/wp-content\/uploads\/2026\/01\/17eae813725843.562776c89d555.jpg\" data-elementor-open-lightbox=\"yes\" data-elementor-lightbox-slideshow=\"4b7a0e7\" data-elementor-lightbox-title=\"17eae813725843.562776c89d555\" data-e-action-hash=\"#elementor-action%3Aaction%3Dlightbox%26settings%3DeyJpZCI6MTg0LCJ1cmwiOiJodHRwczpcL1wvb2NwYWNrYWdpbmcucHRcL3dwLWNvbnRlbnRcL3VwbG9hZHNcLzIwMjZcLzAxXC8xN2VhZTgxMzcyNTg0My41NjI3NzZjODlkNTU1LmpwZyIsInNsaWRlc2hvdyI6IjRiN2EwZTcifQ%3D%3D\">\n\t\t\t\t\t<div class=\"e-gallery-image elementor-gallery-item__image\" data-thumbnail=\"https:\/\/ocpackaging.pt\/wp-content\/uploads\/2026\/01\/17eae813725843.562776c89d555-300x200.jpg\" data-width=\"300\" data-height=\"200\" aria-label=\"\" role=\"img\" ><\/div>\n\t\t\t\t\t\t\t\t\t\t\t<div class=\"elementor-gallery-item__overlay\"><\/div>\n\t\t\t\t\t\t\t\t\t\t\t\t\t\t<\/a>\n\t\t\t\t\t\t\t<a class=\"e-gallery-item elementor-gallery-item elementor-animated-content\" href=\"https:\/\/ocpackaging.pt\/wp-content\/uploads\/2026\/01\/90cd4794620643.5e836c028e1f5.jpg\" data-elementor-open-lightbox=\"yes\" data-elementor-lightbox-slideshow=\"4b7a0e7\" data-elementor-lightbox-title=\"90cd4794620643.5e836c028e1f5\" data-e-action-hash=\"#elementor-action%3Aaction%3Dlightbox%26settings%3DeyJpZCI6MTg1LCJ1cmwiOiJodHRwczpcL1wvb2NwYWNrYWdpbmcucHRcL3dwLWNvbnRlbnRcL3VwbG9hZHNcLzIwMjZcLzAxXC85MGNkNDc5NDYyMDY0My41ZTgzNmMwMjhlMWY1LmpwZyIsInNsaWRlc2hvdyI6IjRiN2EwZTcifQ%3D%3D\">\n\t\t\t\t\t<div class=\"e-gallery-image elementor-gallery-item__image\" data-thumbnail=\"https:\/\/ocpackaging.pt\/wp-content\/uploads\/2026\/01\/90cd4794620643.5e836c028e1f5-300x200.jpg\" data-width=\"300\" data-height=\"200\" aria-label=\"\" role=\"img\" ><\/div>\n\t\t\t\t\t\t\t\t\t\t\t<div class=\"elementor-gallery-item__overlay\"><\/div>\n\t\t\t\t\t\t\t\t\t\t\t\t\t\t<\/a>\n\t\t\t\t\t\t\t<a class=\"e-gallery-item elementor-gallery-item elementor-animated-content\" href=\"https:\/\/ocpackaging.pt\/wp-content\/uploads\/2026\/01\/cutii_rigide_1.png\" data-elementor-open-lightbox=\"yes\" data-elementor-lightbox-slideshow=\"4b7a0e7\" data-elementor-lightbox-title=\"cutii_rigide_1\" data-e-action-hash=\"#elementor-action%3Aaction%3Dlightbox%26settings%3DeyJpZCI6MTg2LCJ1cmwiOiJodHRwczpcL1wvb2NwYWNrYWdpbmcucHRcL3dwLWNvbnRlbnRcL3VwbG9hZHNcLzIwMjZcLzAxXC9jdXRpaV9yaWdpZGVfMS5wbmciLCJzbGlkZXNob3ciOiI0YjdhMGU3In0%3D\">\n\t\t\t\t\t<div class=\"e-gallery-image elementor-gallery-item__image\" data-thumbnail=\"https:\/\/ocpackaging.pt\/wp-content\/uploads\/2026\/01\/cutii_rigide_1-300x225.png\" data-width=\"300\" data-height=\"225\" aria-label=\"\" role=\"img\" ><\/div>\n\t\t\t\t\t\t\t\t\t\t\t<div class=\"elementor-gallery-item__overlay\"><\/div>\n\t\t\t\t\t\t\t\t\t\t\t\t\t\t<\/a>\n\t\t\t\t\t\t\t<a class=\"e-gallery-item elementor-gallery-item elementor-animated-content\" href=\"https:\/\/ocpackaging.pt\/wp-content\/uploads\/2026\/01\/fc379946313021.584fd04154c28.jpg\" data-elementor-open-lightbox=\"yes\" data-elementor-lightbox-slideshow=\"4b7a0e7\" data-elementor-lightbox-title=\"fc379946313021.584fd04154c28\" data-e-action-hash=\"#elementor-action%3Aaction%3Dlightbox%26settings%3DeyJpZCI6MTg3LCJ1cmwiOiJodHRwczpcL1wvb2NwYWNrYWdpbmcucHRcL3dwLWNvbnRlbnRcL3VwbG9hZHNcLzIwMjZcLzAxXC9mYzM3OTk0NjMxMzAyMS41ODRmZDA0MTU0YzI4LmpwZyIsInNsaWRlc2hvdyI6IjRiN2EwZTcifQ%3D%3D\">\n\t\t\t\t\t<div class=\"e-gallery-image elementor-gallery-item__image\" data-thumbnail=\"https:\/\/ocpackaging.pt\/wp-content\/uploads\/2026\/01\/fc379946313021.584fd04154c28-300x209.jpg\" data-width=\"300\" data-height=\"209\" aria-label=\"\" role=\"img\" ><\/div>\n\t\t\t\t\t\t\t\t\t\t\t<div class=\"elementor-gallery-item__overlay\"><\/div>\n\t\t\t\t\t\t\t\t\t\t\t\t\t\t<\/a>\n\t\t\t\t\t\t\t<a class=\"e-gallery-item elementor-gallery-item elementor-animated-content\" href=\"https:\/\/ocpackaging.pt\/wp-content\/uploads\/2026\/01\/gwowcvhrlchf3lzn0ueo.jpg\" data-elementor-open-lightbox=\"yes\" data-elementor-lightbox-slideshow=\"4b7a0e7\" data-elementor-lightbox-title=\"gwowcvhrlchf3lzn0ueo\" data-e-action-hash=\"#elementor-action%3Aaction%3Dlightbox%26settings%3DeyJpZCI6MTg4LCJ1cmwiOiJodHRwczpcL1wvb2NwYWNrYWdpbmcucHRcL3dwLWNvbnRlbnRcL3VwbG9hZHNcLzIwMjZcLzAxXC9nd293Y3ZocmxjaGYzbHpuMHVlby5qcGciLCJzbGlkZXNob3ciOiI0YjdhMGU3In0%3D\">\n\t\t\t\t\t<div class=\"e-gallery-image elementor-gallery-item__image\" data-thumbnail=\"https:\/\/ocpackaging.pt\/wp-content\/uploads\/2026\/01\/gwowcvhrlchf3lzn0ueo-300x224.jpg\" data-width=\"300\" data-height=\"224\" aria-label=\"\" role=\"img\" ><\/div>\n\t\t\t\t\t\t\t\t\t\t\t<div class=\"elementor-gallery-item__overlay\"><\/div>\n\t\t\t\t\t\t\t\t\t\t\t\t\t\t<\/a>\n\t\t\t\t\t\t\t<a class=\"e-gallery-item elementor-gallery-item elementor-animated-content\" href=\"https:\/\/ocpackaging.pt\/wp-content\/uploads\/2026\/01\/packaging-design-shoe-2a.jpg\" data-elementor-open-lightbox=\"yes\" data-elementor-lightbox-slideshow=\"4b7a0e7\" data-elementor-lightbox-title=\"packaging-design-shoe-2a\" data-e-action-hash=\"#elementor-action%3Aaction%3Dlightbox%26settings%3DeyJpZCI6MTg5LCJ1cmwiOiJodHRwczpcL1wvb2NwYWNrYWdpbmcucHRcL3dwLWNvbnRlbnRcL3VwbG9hZHNcLzIwMjZcLzAxXC9wYWNrYWdpbmctZGVzaWduLXNob2UtMmEuanBnIiwic2xpZGVzaG93IjoiNGI3YTBlNyJ9\">\n\t\t\t\t\t<div class=\"e-gallery-image elementor-gallery-item__image\" data-thumbnail=\"https:\/\/ocpackaging.pt\/wp-content\/uploads\/2026\/01\/packaging-design-shoe-2a-300x225.jpg\" data-width=\"300\" data-height=\"225\" aria-label=\"\" role=\"img\" ><\/div>\n\t\t\t\t\t\t\t\t\t\t\t<div class=\"elementor-gallery-item__overlay\"><\/div>\n\t\t\t\t\t\t\t\t\t\t\t\t\t\t<\/a>\n\t\t\t\t\t<\/div>\n\t\t\t\t\t<\/div>\n\t\t\t\t\t<\/div>\n\t\t\t\t<\/div>\n\t\t<div class=\"elementor-element elementor-element-1e4dafd e-flex e-con-boxed e-con e-parent\" data-id=\"1e4dafd\" data-element_type=\"container\">\n\t\t\t\t\t<div class=\"e-con-inner\">\n\t\t<div class=\"elementor-element elementor-element-dbc6cf8 e-con-full e-flex e-con e-child\" data-id=\"dbc6cf8\" data-element_type=\"container\">\n\t\t\t\t<div class=\"elementor-element elementor-element-aa134ce elementor-widget elementor-widget-text-editor\" data-id=\"aa134ce\" data-element_type=\"widget\" data-widget_type=\"text-editor.default\">\n\t\t\t\t\t\t\t\t\t<h3 data-path-to-node=\"8\"><b data-path-to-node=\"8\" data-index-in-node=\"0\">Embalagens para Cal\u00e7ados<\/b><\/h3><p data-path-to-node=\"9\">Combinando funcionalidade e est\u00e9tica, as nossas embalagens para cal\u00e7ado oferecem a estrutura ideal para o empilhamento e prote\u00e7\u00e3o. Com op\u00e7\u00f5es de acabamentos diferenciados, podem transitar entre o cal\u00e7ado desportivo e o <b data-path-to-node=\"9\" data-index-in-node=\"219\">segmento de luxo<\/b>, proporcionando uma embalagem dur\u00e1vel que os clientes muitas vezes optam por reutilizar devido \u00e0 sua qualidade e design.<\/p>\t\t\t\t\t\t\t\t<\/div>\n\t\t\t\t<\/div>\n\t\t\t\t\t<\/div>\n\t\t\t\t<\/div>\n\t\t<div class=\"elementor-element elementor-element-9133b9c e-flex e-con-boxed e-con e-parent\" data-id=\"9133b9c\" data-element_type=\"container\">\n\t\t\t\t\t<div class=\"e-con-inner\">\n\t\t<div class=\"elementor-element elementor-element-85a46e1 e-con-full e-flex e-con e-child\" data-id=\"85a46e1\" data-element_type=\"container\">\n\t\t\t\t<div class=\"elementor-element elementor-element-50090b9 elementor-widget-divider--view-line elementor-widget elementor-widget-divider\" data-id=\"50090b9\" data-element_type=\"widget\" data-widget_type=\"divider.default\">\n\t\t\t\t\t\t\t<div class=\"elementor-divider\">\n\t\t\t<span class=\"elementor-divider-separator\">\n\t\t\t\t\t\t<\/span>\n\t\t<\/div>\n\t\t\t\t\t\t<\/div>\n\t\t\t\t<\/div>\n\t\t\t\t\t<\/div>\n\t\t\t\t<\/div>\n\t\t<div class=\"elementor-element elementor-element-c9ab463 e-flex e-con-boxed e-con e-parent\" data-id=\"c9ab463\" data-element_type=\"container\">\n\t\t\t\t\t<div class=\"e-con-inner\">\n\t\t<div class=\"elementor-element elementor-element-8e980a7 e-con-full e-flex e-con e-child\" data-id=\"8e980a7\" data-element_type=\"container\">\n\t\t\t\t<div class=\"elementor-element elementor-element-a6e628a elementor-widget elementor-widget-image\" data-id=\"a6e628a\" data-element_type=\"widget\" data-widget_type=\"image.default\">\n\t\t\t\t\t\t\t\t\t\t\t\t\t\t\t\t<a href=\"https:\/\/wa.me\/351918786106\">\n\t\t\t\t\t\t\t<img decoding=\"async\" width=\"2560\" height=\"366\" src=\"https:\/\/ocpackaging.pt\/wp-content\/uploads\/2026\/01\/O-padrao-maximo-1-scaled.png\" class=\"attachment-full size-full wp-image-183\" alt=\"\" srcset=\"https:\/\/ocpackaging.pt\/wp-content\/uploads\/2026\/01\/O-padrao-maximo-1-scaled.png 2560w, https:\/\/ocpackaging.pt\/wp-content\/uploads\/2026\/01\/O-padrao-maximo-1-300x43.png 300w, https:\/\/ocpackaging.pt\/wp-content\/uploads\/2026\/01\/O-padrao-maximo-1-1024x146.png 1024w, https:\/\/ocpackaging.pt\/wp-content\/uploads\/2026\/01\/O-padrao-maximo-1-768x110.png 768w, https:\/\/ocpackaging.pt\/wp-content\/uploads\/2026\/01\/O-padrao-maximo-1-1536x220.png 1536w, https:\/\/ocpackaging.pt\/wp-content\/uploads\/2026\/01\/O-padrao-maximo-1-2048x293.png 2048w\" sizes=\"(max-width: 2560px) 100vw, 2560px\" \/>\t\t\t\t\t\t\t\t<\/a>\n\t\t\t\t\t\t\t\t\t\t\t\t\t\t\t<\/div>\n\t\t\t\t<\/div>\n\t\t\t\t\t<\/div>\n\t\t\t\t<\/div>\n\t\t\t\t<\/div>\n\t\t","protected":false},"excerpt":{"rendered":"<p>Embalagens para Cal\u00e7ados Combinando funcionalidade e est\u00e9tica, as nossas embalagens para cal\u00e7ado oferecem a estrutura ideal para o empilhamento e prote\u00e7\u00e3o. Com op\u00e7\u00f5es de acabamentos diferenciados, podem transitar entre o cal\u00e7ado desportivo e o segmento de luxo, proporcionando uma embalagem dur\u00e1vel que os clientes muitas vezes optam por reutilizar devido \u00e0 sua qualidade e design.<\/p>\n","protected":false},"author":1,"featured_media":0,"parent":0,"menu_order":0,"comment_status":"closed","ping_status":"closed","template":"","meta":{"footnotes":""},"class_list":["post-210","page","type-page","status-publish","hentry"],"_links":{"self":[{"href":"https:\/\/ocpackaging.pt\/index.php\/wp-json\/wp\/v2\/pages\/210","targetHints":{"allow":["GET"]}}],"collection":[{"href":"https:\/\/ocpackaging.pt\/index.php\/wp-json\/wp\/v2\/pages"}],"about":[{"href":"https:\/\/ocpackaging.pt\/index.php\/wp-json\/wp\/v2\/types\/page"}],"author":[{"embeddable":true,"href":"https:\/\/ocpackaging.pt\/index.php\/wp-json\/wp\/v2\/users\/1"}],"replies":[{"embeddable":true,"href":"https:\/\/ocpackaging.pt\/index.php\/wp-json\/wp\/v2\/comments?post=210"}],"version-history":[{"count":8,"href":"https:\/\/ocpackaging.pt\/index.php\/wp-json\/wp\/v2\/pages\/210\/revisions"}],"predecessor-version":[{"id":262,"href":"https:\/\/ocpackaging.pt\/index.php\/wp-json\/wp\/v2\/pages\/210\/revisions\/262"}],"wp:attachment":[{"href":"https:\/\/ocpackaging.pt\/index.php\/wp-json\/wp\/v2\/media?parent=210"}],"curies":[{"name":"wp","href":"https:\/\/api.w.org\/{rel}","templated":true}]}}